{"id":63,"date":"2013-11-05T01:26:30","date_gmt":"2013-11-05T01:26:30","guid":{"rendered":"http:\/\/eac.cl\/icam\/?page_id=5"},"modified":"2013-11-05T01:26:30","modified_gmt":"2013-11-05T01:26:30","slug":"empresa","status":"publish","type":"page","link":"https:\/\/icam.cl\/site\/empresa\/","title":{"rendered":"EMPRESA"},"content":{"rendered":"\n<p>Desde el a\u00f1o 1993, ICAM se ha posicionado como una empresa especialista en cubiertas y revestimientos de edificios industriales, participando en importantes proyectos en las \u00e1reas de miner\u00eda, retail, manufactura, log\u00edstica y servicios.<\/p>\n\n\n\n<p>ICAM es una empresa l\u00edder del mercado y con una amplia experiencia, lo que le permite abordar la mayor cantidad y diversidad de proyectos. Sabemos atender desaf\u00edos como centros comerciales, centros de distribuci\u00f3n y bodegaje, plantas industriales, c\u00e1maras frigor\u00edficas, proyectos mineros, colegios y universidades, entre muchos otros.<\/p>\n\n\n\n<p>ICAM ofrece una soluci\u00f3n completa a las necesidades del proyecto, desde la confecci\u00f3n de los planos de montaje, el suministro, la log\u00edstica y la instalaci\u00f3n, considerando una amplia gama de alternativas en paneles trapezoidales, emballetados, ondulados ya sea en formato single skin o con aislaci\u00f3n, entre otros. Esto nos permite entregar a nuestros clientes la mejor relaci\u00f3n precio \u2013 calidad, con los mejores productos a precios competitivos.<\/p>\n\n\n\n<p>ICAM ha formado un selecto y experimentado equipo multidisciplinario de profesionales de excelencia compuesto por Arquitectos, Ingenieros, Constructores Civiles y otros especialistas para poder atender en forma personalizada, din\u00e1mica y eficiente las distintas necesidades de sus clientes.<\/p>\n\n\n\n<p><strong>VENDE, COMERCIALIZA E INSTALA:<\/strong><\/p>\n\n\n\n<p>\u2013 PANELES SINGLE SKIN<\/p>\n\n\n\n<p>\u2013 PANELES CON AISLACI\u00d3N<\/p>\n\n\n\n<p>\u2013 PANELES PERFORADOS<\/p>\n\n\n\n<p>\u2013 PANELES TRASLUCIDOS<\/p>\n\n\n\n<p>\u2013 FRP Y POLICARBONATOS<\/p>\n\n\n\n<p>\u2013 MEMBRANAS<\/p>\n\n\n\n<p>\u2013 VENTILACIONES<\/p>\n\n\n\n<p>\u2013 CELOS\u00cdAS<\/p>\n\n\n\n<p>\u2013 LUCARNAS<\/p>\n\n\n\n<p>\u2013 HOJALATER\u00cdA<\/p>\n\n\n\n<p>\u2013 SELLOS<\/p>\n\n\n\n<p>\u2013 TORNILLOS Y PERNOS<\/p>\n\n\n\n<p>\u2013 SOLUCIONES PERSONALIZADAS<\/p>\n","protected":false},"excerpt":{"rendered":"<p>Desde el a\u00f1o 1993, ICAM se ha posicionado como una empresa especialista en cubiertas y revestimientos de edificios industriales, participando en importantes proyectos en las [&hellip;]<\/p>\n","protected":false},"author":1,"featured_media":137,"parent":0,"menu_order":0,"comment_status":"open","ping_status":"open","template":"","meta":{"footnotes":""},"class_list":["post-63","page","type-page","status-publish","has-post-thumbnail","hentry"],"_links":{"self":[{"href":"https:\/\/icam.cl\/site\/wp-json\/wp\/v2\/pages\/63","targetHints":{"allow":["GET"]}}],"collection":[{"href":"https:\/\/icam.cl\/site\/wp-json\/wp\/v2\/pages"}],"about":[{"href":"https:\/\/icam.cl\/site\/wp-json\/wp\/v2\/types\/page"}],"author":[{"embeddable":true,"href":"https:\/\/icam.cl\/site\/wp-json\/wp\/v2\/users\/1"}],"replies":[{"embeddable":true,"href":"https:\/\/icam.cl\/site\/wp-json\/wp\/v2\/comments?post=63"}],"version-history":[{"count":0,"href":"https:\/\/icam.cl\/site\/wp-json\/wp\/v2\/pages\/63\/revisions"}],"wp:featuredmedia":[{"embeddable":true,"href":"https:\/\/icam.cl\/site\/wp-json\/"}],"wp:attachment":[{"href":"https:\/\/icam.cl\/site\/wp-json\/wp\/v2\/media?parent=63"}],"curies":[{"name":"wp","href":"https:\/\/api.w.org\/{rel}","templated":true}]}}