{"id":601,"date":"2025-11-10T03:16:58","date_gmt":"2025-11-10T03:16:58","guid":{"rendered":"https:\/\/icam.cl\/site\/?page_id=601"},"modified":"2025-11-10T05:00:44","modified_gmt":"2025-11-10T05:00:44","slug":"mall-plaza-egana","status":"publish","type":"page","link":"https:\/\/icam.cl\/site\/proyectos\/mall-plaza-egana\/","title":{"rendered":"Mall Plaza Ega\u00f1a"},"content":{"rendered":"\n<p><strong>Obra: MALL PLAZA EGA\u00d1A<\/strong><br> A\u00f1o de Construcci\u00f3n: 2013. <br> M2: 16.500 m\u00b2. <br> Constructora: SIGRO<\/p>\n\n\n\n<p><\/p>\n\n\n<style type=\"text\/css\">\n#foogallery-gallery-620 .fg-image { width: 270px; }\n#foogallery-gallery-620 { --fg-gutter: 10px; }<\/style>\n\t\t\t<div class=\"foogallery foogallery-container foogallery-default foogallery-lightbox-foogallery fg-left fg-default fg-ready fg-light fg-loading-default fg-loaded-fade-in fg-hover-semi-zoomed fg-hover-fade fg-hover-zoom\" id=\"foogallery-gallery-620\" data-foogallery=\"{&quot;item&quot;:{&quot;showCaptionTitle&quot;:true,&quot;showCaptionDescription&quot;:false},&quot;lazy&quot;:true}\" data-foogallery-lightbox=\"{&quot;thumbs&quot;:&quot;bottom&quot;,&quot;thumbsCaptions&quot;:false,&quot;thumbsBestFit&quot;:false,&quot;thumbsSmall&quot;:false,&quot;thumbsCaptionsAlign&quot;:&quot;default&quot;,&quot;info&quot;:&quot;bottom&quot;,&quot;infoVisible&quot;:true,&quot;infoOverlay&quot;:true,&quot;infoAlign&quot;:&quot;default&quot;,&quot;transition&quot;:&quot;fade&quot;,&quot;hoverButtons&quot;:false,&quot;fitMedia&quot;:false,&quot;noScrollbars&quot;:true,&quot;preserveButtonSpace&quot;:true,&quot;buttons&quot;:{&quot;fullscreen&quot;:true,&quot;info&quot;:true,&quot;thumbs&quot;:false},&quot;video&quot;:{&quot;autoPlay&quot;:true}}\" style=\"--fg-title-line-clamp: 0; --fg-description-line-clamp: 0;\" >\n\t<div class=\"fg-item fg-type-image fg-idle\"><figure class=\"fg-item-inner\"><a href=\"https:\/\/icam.cl\/site\/wp-content\/uploads\/2025\/11\/PLAZA-EGAGNA-1.jpg\" data-attachment-id=\"621\" data-type=\"image\" class=\"fg-thumb\"><span class=\"fg-image-wrap\"><img fetchpriority=\"high\" decoding=\"async\" width=\"270\" height=\"230\" class=\"skip-lazy fg-image\" data-src-fg=\"https:\/\/icam.cl\/site\/wp-content\/uploads\/cache\/2025\/11\/PLAZA-EGAGNA-1\/1604481996.jpg\" src=\"data:image\/svg+xml,%3Csvg%20xmlns%3D%22http%3A%2F%2Fwww.w3.org%2F2000%2Fsvg%22%20width%3D%22270%22%20height%3D%22230%22%20viewBox%3D%220%200%20270%20230%22%3E%3C%2Fsvg%3E\" loading=\"eager\"><\/span><span class=\"fg-image-overlay\"><\/span><\/a><\/figure><div class=\"fg-loader\"><\/div><\/div><div class=\"fg-item fg-type-image fg-idle\"><figure class=\"fg-item-inner\"><a href=\"https:\/\/icam.cl\/site\/wp-content\/uploads\/2025\/11\/PLAZA-EGAGNA-2-scaled.jpg\" data-attachment-id=\"622\" data-type=\"image\" class=\"fg-thumb\"><span class=\"fg-image-wrap\"><img decoding=\"async\" width=\"270\" height=\"230\" class=\"skip-lazy fg-image\" data-src-fg=\"https:\/\/icam.cl\/site\/wp-content\/uploads\/cache\/2025\/11\/PLAZA-EGAGNA-2-scaled\/4149083293.jpg\" src=\"data:image\/svg+xml,%3Csvg%20xmlns%3D%22http%3A%2F%2Fwww.w3.org%2F2000%2Fsvg%22%20width%3D%22270%22%20height%3D%22230%22%20viewBox%3D%220%200%20270%20230%22%3E%3C%2Fsvg%3E\" loading=\"eager\"><\/span><span class=\"fg-image-overlay\"><\/span><\/a><\/figure><div class=\"fg-loader\"><\/div><\/div><div class=\"fg-item fg-type-image fg-idle\"><figure class=\"fg-item-inner\"><a href=\"https:\/\/icam.cl\/site\/wp-content\/uploads\/2025\/11\/PLAZA-EGAGNA-3.jpg\" data-attachment-id=\"623\" data-type=\"image\" class=\"fg-thumb\"><span class=\"fg-image-wrap\"><img decoding=\"async\" width=\"270\" height=\"230\" class=\"skip-lazy fg-image\" data-src-fg=\"https:\/\/icam.cl\/site\/wp-content\/uploads\/cache\/2025\/11\/PLAZA-EGAGNA-3\/3236845973.jpg\" src=\"data:image\/svg+xml,%3Csvg%20xmlns%3D%22http%3A%2F%2Fwww.w3.org%2F2000%2Fsvg%22%20width%3D%22270%22%20height%3D%22230%22%20viewBox%3D%220%200%20270%20230%22%3E%3C%2Fsvg%3E\" loading=\"eager\"><\/span><span class=\"fg-image-overlay\"><\/span><\/a><\/figure><div class=\"fg-loader\"><\/div><\/div><div class=\"fg-item fg-type-image fg-idle\"><figure class=\"fg-item-inner\"><a href=\"https:\/\/icam.cl\/site\/wp-content\/uploads\/2025\/11\/PLAZA-EGAGNA-4-1-scaled.jpg\" data-attachment-id=\"624\" data-type=\"image\" class=\"fg-thumb\"><span class=\"fg-image-wrap\"><img decoding=\"async\" width=\"270\" height=\"230\" class=\"skip-lazy fg-image\" data-src-fg=\"https:\/\/icam.cl\/site\/wp-content\/uploads\/cache\/2025\/11\/PLAZA-EGAGNA-4-1-scaled\/4075491723.jpg\" src=\"data:image\/svg+xml,%3Csvg%20xmlns%3D%22http%3A%2F%2Fwww.w3.org%2F2000%2Fsvg%22%20width%3D%22270%22%20height%3D%22230%22%20viewBox%3D%220%200%20270%20230%22%3E%3C%2Fsvg%3E\" loading=\"eager\"><\/span><span class=\"fg-image-overlay\"><\/span><\/a><\/figure><div class=\"fg-loader\"><\/div><\/div><\/div>\n\n\n\n<div class=\"wp-block-query alignwide is-style-left-featured-image pt-5 is-layout-flow wp-block-query-is-layout-flow\">\n<h2 class=\"wp-block-heading has-text-align-center linear-title has-roboto-condensed-font-family\">Otros Proyectos<\/h2>\n\n\n<ul class=\"columns-3 px-0 wp-block-post-template is-layout-grid wp-container-core-post-template-is-layout-60104106 wp-block-post-template-is-layout-grid\"><li class=\"wp-block-post post-679 page type-page status-publish has-post-thumbnail hentry\">\n\n<div class=\"wp-block-group px-0 is-layout-flow wp-block-group-is-layout-flow\" style=\"padding-top:30px;padding-right:30px;padding-bottom:30px;padding-left:30px\"><h2 class=\"has-link-color wp-elements-a478c768231a44934656bf6fc64d22a1 wp-block-post-title\"><a href=\"https:\/\/icam.cl\/site\/proyectos\/terminal-de-buses-valdivia\/\" target=\"_self\" >TERMINAL DE BUSES VALDIVIA<\/a><\/h2>\n\n<figure class=\"wp-block-post-featured-image\"><a href=\"https:\/\/icam.cl\/site\/proyectos\/terminal-de-buses-valdivia\/\" target=\"_self\"  ><img loading=\"lazy\" decoding=\"async\" width=\"2560\" height=\"1440\" src=\"https:\/\/icam.cl\/site\/wp-content\/uploads\/2025\/11\/BUSES-VALDIVIA-1-scaled.jpg\" class=\"attachment-post-thumbnail size-post-thumbnail wp-post-image\" alt=\"TERMINAL DE BUSES VALDIVIA\" style=\"object-fit:cover;\" srcset=\"https:\/\/icam.cl\/site\/wp-content\/uploads\/2025\/11\/BUSES-VALDIVIA-1-scaled.jpg 2560w, https:\/\/icam.cl\/site\/wp-content\/uploads\/2025\/11\/BUSES-VALDIVIA-1-300x169.jpg 300w, https:\/\/icam.cl\/site\/wp-content\/uploads\/2025\/11\/BUSES-VALDIVIA-1-1024x576.jpg 1024w, https:\/\/icam.cl\/site\/wp-content\/uploads\/2025\/11\/BUSES-VALDIVIA-1-768x432.jpg 768w, https:\/\/icam.cl\/site\/wp-content\/uploads\/2025\/11\/BUSES-VALDIVIA-1-1536x864.jpg 1536w, https:\/\/icam.cl\/site\/wp-content\/uploads\/2025\/11\/BUSES-VALDIVIA-1-2048x1152.jpg 2048w\" sizes=\"auto, (max-width: 2560px) 100vw, 2560px\" \/><\/a><\/figure>\n\n<div class=\"wp-block-post-excerpt\"><p class=\"wp-block-post-excerpt__excerpt\">Obra: TERMINAL DE BUSES VALDIVIA A\u00f1o de Construcci\u00f3n: 2014. Cantidad: 11.000 m\u00b2. Constructora: Alcarraz. <\/p><\/div><\/div>\n\n<\/li><li class=\"wp-block-post post-677 page type-page status-publish has-post-thumbnail hentry\">\n\n<div class=\"wp-block-group px-0 is-layout-flow wp-block-group-is-layout-flow\" style=\"padding-top:30px;padding-right:30px;padding-bottom:30px;padding-left:30px\"><h2 class=\"has-link-color wp-elements-a478c768231a44934656bf6fc64d22a1 wp-block-post-title\"><a href=\"https:\/\/icam.cl\/site\/proyectos\/mall-los-dominicos\/\" target=\"_self\" >MALL LOS DOMINICOS<\/a><\/h2>\n\n<figure class=\"wp-block-post-featured-image\"><a href=\"https:\/\/icam.cl\/site\/proyectos\/mall-los-dominicos\/\" target=\"_self\"  ><img loading=\"lazy\" decoding=\"async\" width=\"1280\" height=\"720\" src=\"https:\/\/icam.cl\/site\/wp-content\/uploads\/2025\/11\/LOS-DOMINICOS-2.jpg\" class=\"attachment-post-thumbnail size-post-thumbnail wp-post-image\" alt=\"MALL LOS DOMINICOS\" style=\"object-fit:cover;\" srcset=\"https:\/\/icam.cl\/site\/wp-content\/uploads\/2025\/11\/LOS-DOMINICOS-2.jpg 1280w, https:\/\/icam.cl\/site\/wp-content\/uploads\/2025\/11\/LOS-DOMINICOS-2-300x169.jpg 300w, https:\/\/icam.cl\/site\/wp-content\/uploads\/2025\/11\/LOS-DOMINICOS-2-1024x576.jpg 1024w, https:\/\/icam.cl\/site\/wp-content\/uploads\/2025\/11\/LOS-DOMINICOS-2-768x432.jpg 768w\" sizes=\"auto, (max-width: 1280px) 100vw, 1280px\" \/><\/a><\/figure>\n\n<div class=\"wp-block-post-excerpt\"><p class=\"wp-block-post-excerpt__excerpt\">Obra: MALL LOS DOMINICOS A\u00f1o de Construcci\u00f3n: 2014. Cantidad: 31.000 m\u00b2. Constructora: SIGRO. <\/p><\/div><\/div>\n\n<\/li><li class=\"wp-block-post post-675 page type-page status-publish has-post-thumbnail hentry\">\n\n<div class=\"wp-block-group px-0 is-layout-flow wp-block-group-is-layout-flow\" style=\"padding-top:30px;padding-right:30px;padding-bottom:30px;padding-left:30px\"><h2 class=\"has-link-color wp-elements-a478c768231a44934656bf6fc64d22a1 wp-block-post-title\"><a href=\"https:\/\/icam.cl\/site\/proyectos\/bodegas-norte-aeropuerto-amb\/\" target=\"_self\" >BODEGAS NORTE AEROPUERTO AMB<\/a><\/h2>\n\n<figure class=\"wp-block-post-featured-image\"><a href=\"https:\/\/icam.cl\/site\/proyectos\/bodegas-norte-aeropuerto-amb\/\" target=\"_self\"  ><img loading=\"lazy\" decoding=\"async\" width=\"2560\" height=\"1193\" src=\"https:\/\/icam.cl\/site\/wp-content\/uploads\/2025\/11\/1-2-scaled.jpg\" class=\"attachment-post-thumbnail size-post-thumbnail wp-post-image\" alt=\"BODEGAS NORTE AEROPUERTO AMB\" style=\"object-fit:cover;\" srcset=\"https:\/\/icam.cl\/site\/wp-content\/uploads\/2025\/11\/1-2-scaled.jpg 2560w, https:\/\/icam.cl\/site\/wp-content\/uploads\/2025\/11\/1-2-300x140.jpg 300w, https:\/\/icam.cl\/site\/wp-content\/uploads\/2025\/11\/1-2-1024x477.jpg 1024w, https:\/\/icam.cl\/site\/wp-content\/uploads\/2025\/11\/1-2-768x358.jpg 768w, https:\/\/icam.cl\/site\/wp-content\/uploads\/2025\/11\/1-2-1536x716.jpg 1536w, https:\/\/icam.cl\/site\/wp-content\/uploads\/2025\/11\/1-2-2048x954.jpg 2048w\" sizes=\"auto, (max-width: 2560px) 100vw, 2560px\" \/><\/a><\/figure>\n\n<div class=\"wp-block-post-excerpt\"><p class=\"wp-block-post-excerpt__excerpt\">Obra: BODEGAS NORTE AEROPUERTO AMB A\u00f1o de Construcci\u00f3n: 2015. Cantidad: 14.000 m\u00b2. Constructora: ALTIUS. <\/p><\/div><\/div>\n\n<\/li><li class=\"wp-block-post post-673 page type-page status-publish has-post-thumbnail hentry\">\n\n<div class=\"wp-block-group px-0 is-layout-flow wp-block-group-is-layout-flow\" style=\"padding-top:30px;padding-right:30px;padding-bottom:30px;padding-left:30px\"><h2 class=\"has-link-color wp-elements-a478c768231a44934656bf6fc64d22a1 wp-block-post-title\"><a href=\"https:\/\/icam.cl\/site\/proyectos\/tottus-vitacura\/\" target=\"_self\" >TOTTUS VITACURA<\/a><\/h2>\n\n<figure class=\"wp-block-post-featured-image\"><a href=\"https:\/\/icam.cl\/site\/proyectos\/tottus-vitacura\/\" target=\"_self\"  ><img loading=\"lazy\" decoding=\"async\" width=\"2560\" height=\"1675\" src=\"https:\/\/icam.cl\/site\/wp-content\/uploads\/2025\/11\/TOTTUS-1-scaled.jpg\" class=\"attachment-post-thumbnail size-post-thumbnail wp-post-image\" alt=\"TOTTUS VITACURA\" style=\"object-fit:cover;\" srcset=\"https:\/\/icam.cl\/site\/wp-content\/uploads\/2025\/11\/TOTTUS-1-scaled.jpg 2560w, https:\/\/icam.cl\/site\/wp-content\/uploads\/2025\/11\/TOTTUS-1-300x196.jpg 300w, https:\/\/icam.cl\/site\/wp-content\/uploads\/2025\/11\/TOTTUS-1-1024x670.jpg 1024w, https:\/\/icam.cl\/site\/wp-content\/uploads\/2025\/11\/TOTTUS-1-768x502.jpg 768w, https:\/\/icam.cl\/site\/wp-content\/uploads\/2025\/11\/TOTTUS-1-1536x1005.jpg 1536w, https:\/\/icam.cl\/site\/wp-content\/uploads\/2025\/11\/TOTTUS-1-2048x1340.jpg 2048w\" sizes=\"auto, (max-width: 2560px) 100vw, 2560px\" \/><\/a><\/figure>\n\n<div class=\"wp-block-post-excerpt\"><p class=\"wp-block-post-excerpt__excerpt\">Obra: TOTTUS VITACURA A\u00f1o de Construcci\u00f3n: 2012. Cantidad: 8.500 m\u00b2. Constructora: CONSTRUCTORA JCE S.A. <\/p><\/div><\/div>\n\n<\/li><li class=\"wp-block-post post-671 page type-page status-publish has-post-thumbnail hentry\">\n\n<div class=\"wp-block-group px-0 is-layout-flow wp-block-group-is-layout-flow\" style=\"padding-top:30px;padding-right:30px;padding-bottom:30px;padding-left:30px\"><h2 class=\"has-link-color wp-elements-a478c768231a44934656bf6fc64d22a1 wp-block-post-title\"><a href=\"https:\/\/icam.cl\/site\/proyectos\/centro-de-distribucion-mk-lampa\/\" target=\"_self\" >CENTRO DE DISTRIBUCION MK, LAMPA<\/a><\/h2>\n\n<figure class=\"wp-block-post-featured-image\"><a href=\"https:\/\/icam.cl\/site\/proyectos\/centro-de-distribucion-mk-lampa\/\" target=\"_self\"  ><img loading=\"lazy\" decoding=\"async\" width=\"1280\" height=\"720\" src=\"https:\/\/icam.cl\/site\/wp-content\/uploads\/2025\/11\/MK-LAMPA-1.jpg\" class=\"attachment-post-thumbnail size-post-thumbnail wp-post-image\" alt=\"CENTRO DE DISTRIBUCION MK, LAMPA\" style=\"object-fit:cover;\" srcset=\"https:\/\/icam.cl\/site\/wp-content\/uploads\/2025\/11\/MK-LAMPA-1.jpg 1280w, https:\/\/icam.cl\/site\/wp-content\/uploads\/2025\/11\/MK-LAMPA-1-300x169.jpg 300w, https:\/\/icam.cl\/site\/wp-content\/uploads\/2025\/11\/MK-LAMPA-1-1024x576.jpg 1024w, https:\/\/icam.cl\/site\/wp-content\/uploads\/2025\/11\/MK-LAMPA-1-768x432.jpg 768w\" sizes=\"auto, (max-width: 1280px) 100vw, 1280px\" \/><\/a><\/figure>\n\n<div class=\"wp-block-post-excerpt\"><p class=\"wp-block-post-excerpt__excerpt\">Obra: CENTRO DE DISTRIBUCION MK, LAMPA A\u00f1o de Construcci\u00f3n: 2015. Cantidad: 28.000 m\u00b2. Constructora: GGL. <\/p><\/div><\/div>\n\n<\/li><li class=\"wp-block-post post-669 page type-page status-publish hentry\">\n\n<div class=\"wp-block-group px-0 is-layout-flow wp-block-group-is-layout-flow\" style=\"padding-top:30px;padding-right:30px;padding-bottom:30px;padding-left:30px\"><h2 class=\"has-link-color wp-elements-a478c768231a44934656bf6fc64d22a1 wp-block-post-title\"><a href=\"https:\/\/icam.cl\/site\/proyectos\/dartel\/\" target=\"_self\" >DARTEL<\/a><\/h2>\n\n\n\n<div class=\"wp-block-post-excerpt\"><p class=\"wp-block-post-excerpt__excerpt\">Obra: DARTELA\u00f1o de Construcci\u00f3n: 2014. Cantidad: 14.000 m\u00b2. Constructora: Izquierdo. <\/p><\/div><\/div>\n\n<\/li><li class=\"wp-block-post post-626 page type-page status-publish has-post-thumbnail hentry\">\n\n<div class=\"wp-block-group px-0 is-layout-flow wp-block-group-is-layout-flow\" style=\"padding-top:30px;padding-right:30px;padding-bottom:30px;padding-left:30px\"><h2 class=\"has-link-color wp-elements-a478c768231a44934656bf6fc64d22a1 wp-block-post-title\"><a href=\"https:\/\/icam.cl\/site\/proyectos\/pharma-isa\/\" target=\"_self\" >PHARMA ISA<\/a><\/h2>\n\n<figure class=\"wp-block-post-featured-image\"><a href=\"https:\/\/icam.cl\/site\/proyectos\/pharma-isa\/\" target=\"_self\"  ><img loading=\"lazy\" decoding=\"async\" width=\"2560\" height=\"1719\" src=\"https:\/\/icam.cl\/site\/wp-content\/uploads\/2025\/11\/PHARMA-ISA-1-scaled.jpg\" class=\"attachment-post-thumbnail size-post-thumbnail wp-post-image\" alt=\"PHARMA ISA\" style=\"object-fit:cover;\" srcset=\"https:\/\/icam.cl\/site\/wp-content\/uploads\/2025\/11\/PHARMA-ISA-1-scaled.jpg 2560w, https:\/\/icam.cl\/site\/wp-content\/uploads\/2025\/11\/PHARMA-ISA-1-300x201.jpg 300w, https:\/\/icam.cl\/site\/wp-content\/uploads\/2025\/11\/PHARMA-ISA-1-1024x688.jpg 1024w, https:\/\/icam.cl\/site\/wp-content\/uploads\/2025\/11\/PHARMA-ISA-1-768x516.jpg 768w, https:\/\/icam.cl\/site\/wp-content\/uploads\/2025\/11\/PHARMA-ISA-1-1536x1031.jpg 1536w, https:\/\/icam.cl\/site\/wp-content\/uploads\/2025\/11\/PHARMA-ISA-1-2048x1375.jpg 2048w\" sizes=\"auto, (max-width: 2560px) 100vw, 2560px\" \/><\/a><\/figure>\n\n<div class=\"wp-block-post-excerpt\"><p class=\"wp-block-post-excerpt__excerpt\">Obra: PHARMA ISA A\u00f1o de Construcci\u00f3n: 2015. Cantidad: 7.000 m\u00b2. Constructora: San Crist\u00f3bal. <\/p><\/div><\/div>\n\n<\/li><li class=\"wp-block-post post-601 page type-page status-publish has-post-thumbnail hentry\">\n\n<div class=\"wp-block-group px-0 is-layout-flow wp-block-group-is-layout-flow\" style=\"padding-top:30px;padding-right:30px;padding-bottom:30px;padding-left:30px\"><h2 class=\"has-link-color wp-elements-a478c768231a44934656bf6fc64d22a1 wp-block-post-title\"><a href=\"https:\/\/icam.cl\/site\/proyectos\/mall-plaza-egana\/\" target=\"_self\" >Mall Plaza Ega\u00f1a<\/a><\/h2>\n\n<figure class=\"wp-block-post-featured-image\"><a href=\"https:\/\/icam.cl\/site\/proyectos\/mall-plaza-egana\/\" target=\"_self\"  ><img loading=\"lazy\" decoding=\"async\" width=\"2560\" height=\"1707\" src=\"https:\/\/icam.cl\/site\/wp-content\/uploads\/2025\/11\/PLAZA-EGAGNA-4-scaled.jpg\" class=\"attachment-post-thumbnail size-post-thumbnail wp-post-image\" alt=\"Mall Plaza Ega\u00f1a\" style=\"object-fit:cover;\" srcset=\"https:\/\/icam.cl\/site\/wp-content\/uploads\/2025\/11\/PLAZA-EGAGNA-4-scaled.jpg 2560w, https:\/\/icam.cl\/site\/wp-content\/uploads\/2025\/11\/PLAZA-EGAGNA-4-300x200.jpg 300w, https:\/\/icam.cl\/site\/wp-content\/uploads\/2025\/11\/PLAZA-EGAGNA-4-1024x683.jpg 1024w, https:\/\/icam.cl\/site\/wp-content\/uploads\/2025\/11\/PLAZA-EGAGNA-4-768x512.jpg 768w, https:\/\/icam.cl\/site\/wp-content\/uploads\/2025\/11\/PLAZA-EGAGNA-4-1536x1024.jpg 1536w, https:\/\/icam.cl\/site\/wp-content\/uploads\/2025\/11\/PLAZA-EGAGNA-4-2048x1365.jpg 2048w\" sizes=\"auto, (max-width: 2560px) 100vw, 2560px\" \/><\/a><\/figure>\n\n<div class=\"wp-block-post-excerpt\"><p class=\"wp-block-post-excerpt__excerpt\">Obra: MALL PLAZA EGA\u00d1A A\u00f1o de Construcci\u00f3n: 2013. M2: 16.500 m\u00b2. Constructora: SIGRO <\/p><\/div><\/div>\n\n<\/li><li class=\"wp-block-post post-576 page type-page status-publish has-post-thumbnail hentry\">\n\n<div class=\"wp-block-group px-0 is-layout-flow wp-block-group-is-layout-flow\" style=\"padding-top:30px;padding-right:30px;padding-bottom:30px;padding-left:30px\"><h2 class=\"has-link-color wp-elements-a478c768231a44934656bf6fc64d22a1 wp-block-post-title\"><a href=\"https:\/\/icam.cl\/site\/proyectos\/santiago-college\/\" target=\"_self\" >Santiago College<\/a><\/h2>\n\n<figure class=\"wp-block-post-featured-image\"><a href=\"https:\/\/icam.cl\/site\/proyectos\/santiago-college\/\" target=\"_self\"  ><img loading=\"lazy\" decoding=\"async\" width=\"1280\" height=\"720\" src=\"https:\/\/icam.cl\/site\/wp-content\/uploads\/2025\/11\/STGO-COLLEGE-1-1.jpg\" class=\"attachment-post-thumbnail size-post-thumbnail wp-post-image\" alt=\"Santiago College\" style=\"object-fit:cover;\" srcset=\"https:\/\/icam.cl\/site\/wp-content\/uploads\/2025\/11\/STGO-COLLEGE-1-1.jpg 1280w, https:\/\/icam.cl\/site\/wp-content\/uploads\/2025\/11\/STGO-COLLEGE-1-1-300x169.jpg 300w, https:\/\/icam.cl\/site\/wp-content\/uploads\/2025\/11\/STGO-COLLEGE-1-1-1024x576.jpg 1024w, https:\/\/icam.cl\/site\/wp-content\/uploads\/2025\/11\/STGO-COLLEGE-1-1-768x432.jpg 768w\" sizes=\"auto, (max-width: 1280px) 100vw, 1280px\" \/><\/a><\/figure>\n\n<div class=\"wp-block-post-excerpt\"><p class=\"wp-block-post-excerpt__excerpt\">Obra: SANTIAGO COLLEGE A\u00f1o de Construcci\u00f3n: 2011. Cantidad: 50.500 m\u00b2. Constructora: Consorcio Constructor Cs Ltda. <\/p><\/div><\/div>\n\n<\/li><\/ul><\/div>\n\n\n\n<p><\/p>\n","protected":false},"excerpt":{"rendered":"<p>Obra: MALL PLAZA EGA\u00d1A A\u00f1o de Construcci\u00f3n: 2013. M2: 16.500 m\u00b2. Constructora: SIGRO<\/p>\n","protected":false},"author":1,"featured_media":517,"parent":64,"menu_order":0,"comment_status":"closed","ping_status":"closed","template":"","meta":{"footnotes":""},"class_list":["post-601","page","type-page","status-publish","has-post-thumbnail","hentry"],"_links":{"self":[{"href":"https:\/\/icam.cl\/site\/wp-json\/wp\/v2\/pages\/601","targetHints":{"allow":["GET"]}}],"collection":[{"href":"https:\/\/icam.cl\/site\/wp-json\/wp\/v2\/pages"}],"about":[{"href":"https:\/\/icam.cl\/site\/wp-json\/wp\/v2\/types\/page"}],"author":[{"embeddable":true,"href":"https:\/\/icam.cl\/site\/wp-json\/wp\/v2\/users\/1"}],"replies":[{"embeddable":true,"href":"https:\/\/icam.cl\/site\/wp-json\/wp\/v2\/comments?post=601"}],"version-history":[{"count":4,"href":"https:\/\/icam.cl\/site\/wp-json\/wp\/v2\/pages\/601\/revisions"}],"predecessor-version":[{"id":639,"href":"https:\/\/icam.cl\/site\/wp-json\/wp\/v2\/pages\/601\/revisions\/639"}],"up":[{"embeddable":true,"href":"https:\/\/icam.cl\/site\/wp-json\/wp\/v2\/pages\/64"}],"wp:featuredmedia":[{"embeddable":true,"href":"https:\/\/icam.cl\/site\/wp-json\/wp\/v2\/media\/517"}],"wp:attachment":[{"href":"https:\/\/icam.cl\/site\/wp-json\/wp\/v2\/media?parent=601"}],"curies":[{"name":"wp","href":"https:\/\/api.w.org\/{rel}","templated":true}]}}