{"id":576,"date":"2025-11-10T02:41:45","date_gmt":"2025-11-10T02:41:45","guid":{"rendered":"https:\/\/icam.cl\/site\/?page_id=576"},"modified":"2025-11-10T04:04:02","modified_gmt":"2025-11-10T04:04:02","slug":"santiago-college","status":"publish","type":"page","link":"https:\/\/icam.cl\/site\/proyectos\/santiago-college\/","title":{"rendered":"Santiago College"},"content":{"rendered":"\n<p><strong>Obra: SANTIAGO COLLEGE<\/strong> <br>A\u00f1o de Construcci\u00f3n: 2011. <br>Cantidad: 50.500 m\u00b2. <br>Constructora: Consorcio Constructor Cs Ltda.<\/p>\n\n\n\n<p><\/p>\n\n\n<style type=\"text\/css\">\n#foogallery-gallery-526 .fg-image { width: 270px; }\n#foogallery-gallery-526 { --fg-gutter: 10px; }<\/style>\n\t\t\t<div class=\"foogallery foogallery-container foogallery-default foogallery-lightbox-foogallery fg-left fg-default fg-ready fg-light fg-loading-default fg-loaded-fade-in fg-hover-semi-zoomed fg-hover-fade fg-hover-zoom\" id=\"foogallery-gallery-526\" data-foogallery=\"{&quot;item&quot;:{&quot;showCaptionTitle&quot;:true,&quot;showCaptionDescription&quot;:false},&quot;lazy&quot;:true}\" data-foogallery-lightbox=\"{&quot;thumbs&quot;:&quot;bottom&quot;,&quot;thumbsCaptions&quot;:false,&quot;thumbsBestFit&quot;:false,&quot;thumbsSmall&quot;:false,&quot;thumbsCaptionsAlign&quot;:&quot;default&quot;,&quot;info&quot;:&quot;bottom&quot;,&quot;infoVisible&quot;:true,&quot;infoOverlay&quot;:true,&quot;infoAlign&quot;:&quot;default&quot;,&quot;transition&quot;:&quot;fade&quot;,&quot;hoverButtons&quot;:false,&quot;fitMedia&quot;:false,&quot;noScrollbars&quot;:true,&quot;preserveButtonSpace&quot;:true,&quot;buttons&quot;:{&quot;fullscreen&quot;:true,&quot;info&quot;:true,&quot;thumbs&quot;:false},&quot;video&quot;:{&quot;autoPlay&quot;:true}}\" style=\"--fg-title-line-clamp: 0; --fg-description-line-clamp: 0;\" >\n\t<div class=\"fg-item fg-type-image fg-idle\"><figure class=\"fg-item-inner\"><a href=\"https:\/\/icam.cl\/site\/wp-content\/uploads\/2025\/11\/STGO-COLLEGE-1-1.jpg\" data-caption-title=\"STGO COLLEGE\" data-attachment-id=\"527\" data-type=\"image\" class=\"fg-thumb\"><span class=\"fg-image-wrap\"><img fetchpriority=\"high\" decoding=\"async\" title=\"STGO COLLEGE\" width=\"270\" height=\"230\" class=\"skip-lazy fg-image\" data-src-fg=\"https:\/\/icam.cl\/site\/wp-content\/uploads\/cache\/2025\/11\/STGO-COLLEGE-1-1\/1303244110.jpg\" src=\"data:image\/svg+xml,%3Csvg%20xmlns%3D%22http%3A%2F%2Fwww.w3.org%2F2000%2Fsvg%22%20width%3D%22270%22%20height%3D%22230%22%20viewBox%3D%220%200%20270%20230%22%3E%3C%2Fsvg%3E\" loading=\"eager\"><\/span><span class=\"fg-image-overlay\"><\/span><\/a><figcaption class=\"fg-caption\"><div class=\"fg-caption-inner\"><div class=\"fg-caption-title\">STGO COLLEGE<\/div><\/div><\/figcaption><\/figure><div class=\"fg-loader\"><\/div><\/div><div class=\"fg-item fg-type-image fg-idle\"><figure class=\"fg-item-inner\"><a href=\"https:\/\/icam.cl\/site\/wp-content\/uploads\/2025\/11\/STGO-COLLEGE-2.jpg\" data-attachment-id=\"528\" data-type=\"image\" class=\"fg-thumb\"><span class=\"fg-image-wrap\"><img decoding=\"async\" width=\"270\" height=\"230\" class=\"skip-lazy fg-image\" data-src-fg=\"https:\/\/icam.cl\/site\/wp-content\/uploads\/cache\/2025\/11\/STGO-COLLEGE-2\/1873646419.jpg\" src=\"data:image\/svg+xml,%3Csvg%20xmlns%3D%22http%3A%2F%2Fwww.w3.org%2F2000%2Fsvg%22%20width%3D%22270%22%20height%3D%22230%22%20viewBox%3D%220%200%20270%20230%22%3E%3C%2Fsvg%3E\" loading=\"eager\"><\/span><span class=\"fg-image-overlay\"><\/span><\/a><\/figure><div class=\"fg-loader\"><\/div><\/div><div class=\"fg-item fg-type-image fg-idle\"><figure class=\"fg-item-inner\"><a href=\"https:\/\/icam.cl\/site\/wp-content\/uploads\/2025\/11\/STGO-COLLEGE-3.jpg\" data-attachment-id=\"529\" data-type=\"image\" class=\"fg-thumb\"><span class=\"fg-image-wrap\"><img decoding=\"async\" width=\"270\" height=\"230\" class=\"skip-lazy fg-image\" data-src-fg=\"https:\/\/icam.cl\/site\/wp-content\/uploads\/cache\/2025\/11\/STGO-COLLEGE-3\/3451061599.jpg\" src=\"data:image\/svg+xml,%3Csvg%20xmlns%3D%22http%3A%2F%2Fwww.w3.org%2F2000%2Fsvg%22%20width%3D%22270%22%20height%3D%22230%22%20viewBox%3D%220%200%20270%20230%22%3E%3C%2Fsvg%3E\" loading=\"eager\"><\/span><span class=\"fg-image-overlay\"><\/span><\/a><\/figure><div class=\"fg-loader\"><\/div><\/div><div class=\"fg-item fg-type-image fg-idle\"><figure class=\"fg-item-inner\"><a href=\"https:\/\/icam.cl\/site\/wp-content\/uploads\/2025\/11\/STGO-COLLEGE-4.jpg\" data-attachment-id=\"530\" data-type=\"image\" class=\"fg-thumb\"><span class=\"fg-image-wrap\"><img decoding=\"async\" width=\"270\" height=\"230\" class=\"skip-lazy fg-image\" data-src-fg=\"https:\/\/icam.cl\/site\/wp-content\/uploads\/cache\/2025\/11\/STGO-COLLEGE-4\/1961583672.jpg\" src=\"data:image\/svg+xml,%3Csvg%20xmlns%3D%22http%3A%2F%2Fwww.w3.org%2F2000%2Fsvg%22%20width%3D%22270%22%20height%3D%22230%22%20viewBox%3D%220%200%20270%20230%22%3E%3C%2Fsvg%3E\" loading=\"eager\"><\/span><span class=\"fg-image-overlay\"><\/span><\/a><\/figure><div class=\"fg-loader\"><\/div><\/div><\/div>\n\n\n\n<div class=\"wp-block-query alignwide is-style-left-featured-image pt-5 is-layout-flow wp-block-query-is-layout-flow\">\n<h2 class=\"wp-block-heading has-text-align-center linear-title has-roboto-condensed-font-family\">Otros Proyectos<\/h2>\n\n\n<ul class=\"columns-3 px-0 wp-block-post-template is-layout-grid wp-container-core-post-template-is-layout-60104106 wp-block-post-template-is-layout-grid\"><li class=\"wp-block-post post-576 page type-page status-publish has-post-thumbnail hentry\">\n\n<div class=\"wp-block-group px-0 d-flex flex-column justify-content-start is-layout-flow wp-block-group-is-layout-flow\" style=\"padding-top:30px;padding-right:30px;padding-bottom:30px;padding-left:30px\"><h2 class=\"has-link-color wp-elements-3c2bd38e6fd593fff6114cf7a7a61044 wp-block-post-title has-roboto-condensed-font-family\"><a href=\"https:\/\/icam.cl\/site\/proyectos\/santiago-college\/\" target=\"_self\" >Santiago College<\/a><\/h2>\n\n<figure style=\"aspect-ratio:16\/9;height:200px; padding-top:0;padding-bottom:0;padding-left:0;padding-right:0;margin-top:var(--wp--preset--spacing--xx-small);margin-bottom:var(--wp--preset--spacing--xx-small);margin-left:0;margin-right:0;\" class=\"wp-block-post-featured-image\"><a href=\"https:\/\/icam.cl\/site\/proyectos\/santiago-college\/\" target=\"_self\"  style=\"height:200px\"><img loading=\"lazy\" decoding=\"async\" width=\"1280\" height=\"720\" src=\"https:\/\/icam.cl\/site\/wp-content\/uploads\/2025\/11\/STGO-COLLEGE-1-1.jpg\" class=\"attachment-full size-full wp-post-image\" alt=\"Santiago College\" style=\"width:100%;height:100%;object-fit:cover;\" srcset=\"https:\/\/icam.cl\/site\/wp-content\/uploads\/2025\/11\/STGO-COLLEGE-1-1.jpg 1280w, https:\/\/icam.cl\/site\/wp-content\/uploads\/2025\/11\/STGO-COLLEGE-1-1-300x169.jpg 300w, https:\/\/icam.cl\/site\/wp-content\/uploads\/2025\/11\/STGO-COLLEGE-1-1-1024x576.jpg 1024w, https:\/\/icam.cl\/site\/wp-content\/uploads\/2025\/11\/STGO-COLLEGE-1-1-768x432.jpg 768w\" sizes=\"auto, (max-width: 1280px) 100vw, 1280px\" \/><\/a><\/figure>\n\n<div class=\"wp-block-post-excerpt\"><p class=\"wp-block-post-excerpt__excerpt\">Obra: SANTIAGO COLLEGE A\u00f1o de Construcci\u00f3n: 2011. Cantidad: 50.500 m\u00b2. Constructora: Consorcio Constructor Cs Ltda. <\/p><\/div><\/div>\n\n<\/li><li class=\"wp-block-post post-601 page type-page status-publish has-post-thumbnail hentry\">\n\n<div class=\"wp-block-group px-0 d-flex flex-column justify-content-start is-layout-flow wp-block-group-is-layout-flow\" style=\"padding-top:30px;padding-right:30px;padding-bottom:30px;padding-left:30px\"><h2 class=\"has-link-color wp-elements-3c2bd38e6fd593fff6114cf7a7a61044 wp-block-post-title has-roboto-condensed-font-family\"><a href=\"https:\/\/icam.cl\/site\/proyectos\/mall-plaza-egana\/\" target=\"_self\" >Mall Plaza Ega\u00f1a<\/a><\/h2>\n\n<figure style=\"aspect-ratio:16\/9;height:200px; padding-top:0;padding-bottom:0;padding-left:0;padding-right:0;margin-top:var(--wp--preset--spacing--xx-small);margin-bottom:var(--wp--preset--spacing--xx-small);margin-left:0;margin-right:0;\" class=\"wp-block-post-featured-image\"><a href=\"https:\/\/icam.cl\/site\/proyectos\/mall-plaza-egana\/\" target=\"_self\"  style=\"height:200px\"><img loading=\"lazy\" decoding=\"async\" width=\"2560\" height=\"1707\" src=\"https:\/\/icam.cl\/site\/wp-content\/uploads\/2025\/11\/PLAZA-EGAGNA-4-scaled.jpg\" class=\"attachment-full size-full wp-post-image\" alt=\"Mall Plaza Ega\u00f1a\" style=\"width:100%;height:100%;object-fit:cover;\" srcset=\"https:\/\/icam.cl\/site\/wp-content\/uploads\/2025\/11\/PLAZA-EGAGNA-4-scaled.jpg 2560w, https:\/\/icam.cl\/site\/wp-content\/uploads\/2025\/11\/PLAZA-EGAGNA-4-300x200.jpg 300w, https:\/\/icam.cl\/site\/wp-content\/uploads\/2025\/11\/PLAZA-EGAGNA-4-1024x683.jpg 1024w, https:\/\/icam.cl\/site\/wp-content\/uploads\/2025\/11\/PLAZA-EGAGNA-4-768x512.jpg 768w, https:\/\/icam.cl\/site\/wp-content\/uploads\/2025\/11\/PLAZA-EGAGNA-4-1536x1024.jpg 1536w, https:\/\/icam.cl\/site\/wp-content\/uploads\/2025\/11\/PLAZA-EGAGNA-4-2048x1365.jpg 2048w\" sizes=\"auto, (max-width: 2560px) 100vw, 2560px\" \/><\/a><\/figure>\n\n<div class=\"wp-block-post-excerpt\"><p class=\"wp-block-post-excerpt__excerpt\">Obra: MALL PLAZA EGA\u00d1A A\u00f1o de Construcci\u00f3n: 2013. M2: 16.500 m\u00b2. Constructora: SIGRO <\/p><\/div><\/div>\n\n<\/li><li class=\"wp-block-post post-626 page type-page status-publish has-post-thumbnail hentry\">\n\n<div class=\"wp-block-group px-0 d-flex flex-column justify-content-start is-layout-flow wp-block-group-is-layout-flow\" style=\"padding-top:30px;padding-right:30px;padding-bottom:30px;padding-left:30px\"><h2 class=\"has-link-color wp-elements-3c2bd38e6fd593fff6114cf7a7a61044 wp-block-post-title has-roboto-condensed-font-family\"><a href=\"https:\/\/icam.cl\/site\/proyectos\/pharma-isa\/\" target=\"_self\" >PHARMA ISA<\/a><\/h2>\n\n<figure style=\"aspect-ratio:16\/9;height:200px; padding-top:0;padding-bottom:0;padding-left:0;padding-right:0;margin-top:var(--wp--preset--spacing--xx-small);margin-bottom:var(--wp--preset--spacing--xx-small);margin-left:0;margin-right:0;\" class=\"wp-block-post-featured-image\"><a href=\"https:\/\/icam.cl\/site\/proyectos\/pharma-isa\/\" target=\"_self\"  style=\"height:200px\"><img loading=\"lazy\" decoding=\"async\" width=\"2560\" height=\"1719\" src=\"https:\/\/icam.cl\/site\/wp-content\/uploads\/2025\/11\/PHARMA-ISA-1-scaled.jpg\" class=\"attachment-full size-full wp-post-image\" alt=\"PHARMA ISA\" style=\"width:100%;height:100%;object-fit:cover;\" srcset=\"https:\/\/icam.cl\/site\/wp-content\/uploads\/2025\/11\/PHARMA-ISA-1-scaled.jpg 2560w, https:\/\/icam.cl\/site\/wp-content\/uploads\/2025\/11\/PHARMA-ISA-1-300x201.jpg 300w, https:\/\/icam.cl\/site\/wp-content\/uploads\/2025\/11\/PHARMA-ISA-1-1024x688.jpg 1024w, https:\/\/icam.cl\/site\/wp-content\/uploads\/2025\/11\/PHARMA-ISA-1-768x516.jpg 768w, https:\/\/icam.cl\/site\/wp-content\/uploads\/2025\/11\/PHARMA-ISA-1-1536x1031.jpg 1536w, https:\/\/icam.cl\/site\/wp-content\/uploads\/2025\/11\/PHARMA-ISA-1-2048x1375.jpg 2048w\" sizes=\"auto, (max-width: 2560px) 100vw, 2560px\" \/><\/a><\/figure>\n\n<div class=\"wp-block-post-excerpt\"><p class=\"wp-block-post-excerpt__excerpt\">Obra: PHARMA ISA A\u00f1o de Construcci\u00f3n: 2015. Cantidad: 7.000 m\u00b2. Constructora: San Crist\u00f3bal. <\/p><\/div><\/div>\n\n<\/li><\/ul><\/div>\n\n\n\n<p><\/p>\n","protected":false},"excerpt":{"rendered":"<p>Obra: SANTIAGO COLLEGE A\u00f1o de Construcci\u00f3n: 2011. Cantidad: 50.500 m\u00b2. Constructora: Consorcio Constructor Cs Ltda.<\/p>\n","protected":false},"author":1,"featured_media":527,"parent":64,"menu_order":0,"comment_status":"closed","ping_status":"closed","template":"","meta":{"footnotes":""},"class_list":["post-576","page","type-page","status-publish","has-post-thumbnail","hentry"],"_links":{"self":[{"href":"https:\/\/icam.cl\/site\/wp-json\/wp\/v2\/pages\/576","targetHints":{"allow":["GET"]}}],"collection":[{"href":"https:\/\/icam.cl\/site\/wp-json\/wp\/v2\/pages"}],"about":[{"href":"https:\/\/icam.cl\/site\/wp-json\/wp\/v2\/types\/page"}],"author":[{"embeddable":true,"href":"https:\/\/icam.cl\/site\/wp-json\/wp\/v2\/users\/1"}],"replies":[{"embeddable":true,"href":"https:\/\/icam.cl\/site\/wp-json\/wp\/v2\/comments?post=576"}],"version-history":[{"count":26,"href":"https:\/\/icam.cl\/site\/wp-json\/wp\/v2\/pages\/576\/revisions"}],"predecessor-version":[{"id":619,"href":"https:\/\/icam.cl\/site\/wp-json\/wp\/v2\/pages\/576\/revisions\/619"}],"up":[{"embeddable":true,"href":"https:\/\/icam.cl\/site\/wp-json\/wp\/v2\/pages\/64"}],"wp:featuredmedia":[{"embeddable":true,"href":"https:\/\/icam.cl\/site\/wp-json\/wp\/v2\/media\/527"}],"wp:attachment":[{"href":"https:\/\/icam.cl\/site\/wp-json\/wp\/v2\/media?parent=576"}],"curies":[{"name":"wp","href":"https:\/\/api.w.org\/{rel}","templated":true}]}}